{"id":6,"date":"2025-06-04T04:49:42","date_gmt":"2025-06-04T04:49:42","guid":{"rendered":"https:\/\/Radio-Nero.de\/?page_id=6"},"modified":"2026-04-18T17:54:03","modified_gmt":"2026-04-18T17:54:03","slug":"unser-radio","status":"publish","type":"page","link":"https:\/\/Radio-Nero.de\/?page_id=6","title":{"rendered":"Home"},"content":{"rendered":"<p><img loading=\"lazy\" decoding=\"async\" class=\"alignnone size-medium wp-image-220\" src=\"https:\/\/Radio-Nero.de\/wp-content\/uploads\/2025\/12\/neu-Nero-276x300.jpg\" alt=\"\" width=\"276\" height=\"300\" srcset=\"https:\/\/Radio-Nero.de\/wp-content\/uploads\/2025\/12\/neu-Nero-276x300.jpg 276w, https:\/\/Radio-Nero.de\/wp-content\/uploads\/2025\/12\/neu-Nero.jpg 665w\" sizes=\"auto, (max-width: 276px) 100vw, 276px\" \/><\/p>\n<p>RADIO-NERO<\/p>\n<p>Unser Radio stellt zum 20-04-2026 den Sendebetrieb ein !<\/p>\n<p>radio_nero@yahoo.com<\/p>\n<p>&nbsp;<\/p>\n<p><img loading=\"lazy\" decoding=\"async\" class=\"alignnone size-full wp-image-160\" src=\"https:\/\/Radio-Nero.de\/wp-content\/uploads\/2025\/07\/image001.png\" alt=\"\" width=\"250\" height=\"110\" \/><\/p>\n<p>Am Sonntag, den 14. Juni 2026 von 11 &#8211; 17 Uhr findet der: TAG DER OFFENEN T\u00dcR statt.<\/p>\n<p>in der: Torfbruchstr. 25 in 40625 D\u00fcsseldorf.!<\/p>\n<p>Es w\u00e4re sch\u00f6n euch dort begr\u00fc\u00dfen zu k\u00f6nnen.<\/p>\n<p>&nbsp;<\/p>\n<p><img loading=\"lazy\" decoding=\"async\" class=\"alignnone size-medium wp-image-248\" src=\"https:\/\/Radio-Nero.de\/wp-content\/uploads\/2026\/03\/Hallow.-Bikert-213x300.jpeg\" alt=\"\" width=\"213\" height=\"300\" srcset=\"https:\/\/Radio-Nero.de\/wp-content\/uploads\/2026\/03\/Hallow.-Bikert-213x300.jpeg 213w, https:\/\/Radio-Nero.de\/wp-content\/uploads\/2026\/03\/Hallow.-Bikert-726x1024.jpeg 726w, https:\/\/Radio-Nero.de\/wp-content\/uploads\/2026\/03\/Hallow.-Bikert-768x1084.jpeg 768w, https:\/\/Radio-Nero.de\/wp-content\/uploads\/2026\/03\/Hallow.-Bikert-1089x1536.jpeg 1089w, https:\/\/Radio-Nero.de\/wp-content\/uploads\/2026\/03\/Hallow.-Bikert.jpeg 1134w\" sizes=\"auto, (max-width: 213px) 100vw, 213px\" \/><\/p>\n<p>Kommt ins Resonanzwerk in Oberhausen, und seid dabei !<\/p>\n<p>&nbsp;<\/p>\n<p>&nbsp;<\/p>\n<p>&nbsp;<\/p>\n<p>&nbsp;<\/p>\n","protected":false},"excerpt":{"rendered":"<p>RADIO-NERO Unser Radio stellt zum 20-04-2026 den Sendebetrieb ein ! radio_nero@yahoo.com &nbsp; Am Sonntag, den 14. Juni 2026 von 11 &#8211; 17 Uhr findet der: TAG DER OFFENEN T\u00dcR statt. in der: Torfbruchstr. 25 in 40625 D\u00fcsseldorf.! Es w\u00e4re sch\u00f6n euch dort begr\u00fc\u00dfen zu k\u00f6nnen. &nbsp; Kommt ins Resonanzwerk in Oberhausen, und seid dabei ! [&hellip;]<\/p>\n","protected":false},"author":1,"featured_media":0,"parent":0,"menu_order":0,"comment_status":"closed","ping_status":"closed","template":"","meta":{"footnotes":""},"class_list":["post-6","page","type-page","status-publish","hentry"],"_links":{"self":[{"href":"https:\/\/Radio-Nero.de\/index.php?rest_route=\/wp\/v2\/pages\/6","targetHints":{"allow":["GET"]}}],"collection":[{"href":"https:\/\/Radio-Nero.de\/index.php?rest_route=\/wp\/v2\/pages"}],"about":[{"href":"https:\/\/Radio-Nero.de\/index.php?rest_route=\/wp\/v2\/types\/page"}],"author":[{"embeddable":true,"href":"https:\/\/Radio-Nero.de\/index.php?rest_route=\/wp\/v2\/users\/1"}],"replies":[{"embeddable":true,"href":"https:\/\/Radio-Nero.de\/index.php?rest_route=%2Fwp%2Fv2%2Fcomments&post=6"}],"version-history":[{"count":26,"href":"https:\/\/Radio-Nero.de\/index.php?rest_route=\/wp\/v2\/pages\/6\/revisions"}],"predecessor-version":[{"id":253,"href":"https:\/\/Radio-Nero.de\/index.php?rest_route=\/wp\/v2\/pages\/6\/revisions\/253"}],"wp:attachment":[{"href":"https:\/\/Radio-Nero.de\/index.php?rest_route=%2Fwp%2Fv2%2Fmedia&parent=6"}],"curies":[{"name":"wp","href":"https:\/\/api.w.org\/{rel}","templated":true}]}}